{"id":99,"date":"2021-03-21T09:13:00","date_gmt":"2021-03-21T09:13:00","guid":{"rendered":"http:\/\/fenyves-lak.hu\/?page_id=99"},"modified":"2025-08-06T13:57:04","modified_gmt":"2025-08-06T12:57:04","slug":"a-kornyek","status":"publish","type":"page","link":"https:\/\/fenyves-lak.hu\/?page_id=99","title":{"rendered":"A k\u00f6rny\u00e9k"},"content":{"rendered":"\n<h2 class=\"wp-block-heading\"><span style=\"background-color:rgba(0, 0, 0, 0)\" class=\"has-inline-color has-black-color\">Szalkszentm\u00e1rton<\/span><\/h2>\n\n\n\n<div class=\"wp-block-media-text alignwide is-stacked-on-mobile\"><figure class=\"wp-block-media-text__media\"><img loading=\"lazy\" decoding=\"async\" width=\"600\" height=\"450\" src=\"http:\/\/fenyves-lak.hu\/wp-content\/uploads\/2021\/03\/szalk.jpg\" alt=\"\" class=\"wp-image-106 size-full\" srcset=\"https:\/\/fenyves-lak.hu\/wp-content\/uploads\/2021\/03\/szalk.jpg 600w, https:\/\/fenyves-lak.hu\/wp-content\/uploads\/2021\/03\/szalk-300x225.jpg 300w, https:\/\/fenyves-lak.hu\/wp-content\/uploads\/2021\/03\/szalk-80x60.jpg 80w\" sizes=\"(max-width: 600px) 100vw, 600px\" \/><\/figure><div class=\"wp-block-media-text__content\">\n<p><span style=\"background-color:rgba(0, 0, 0, 0)\" class=\"has-inline-color has-black-color\">Szalkszentm\u00e1rton k\u00f6zs\u00e9g Budapestt\u0151l 65 km-re \u00e9s Duna\u00fajv\u00e1rost\u00f3l 22 km-re, B\u00e1cs-Kiskun megy\u00e9ben helyezkedik el a Dun\u00e1t\u00f3l nem messze az 51-es \u00fat mellett. Itt \u00e9lt \u00e9s alkotott egy ideig Pet\u0151fi S\u00e1ndor is, aminek eml\u00e9kei a sz\u00e1ll\u00e1ssal szemben l\u00e9v\u0151 Pet\u0151fi M\u00fazeumban megtekinthet\u0151ek.<\/span><\/p>\n<\/div><\/div>\n\n\n\n<div class=\"wp-block-media-text alignwide has-media-on-the-right is-stacked-on-mobile\"><div class=\"wp-block-media-text__content\">\n<p><span style=\"background-color:rgba(0, 0, 0, 0)\" class=\"has-inline-color has-black-color\">A faluban tal\u00e1lhat\u00f3 t\u00f6bb \u00e9lelmiszer\u00fczlet, doh\u00e1nybolt, posta, bankautomata, gy\u00f3gyszert\u00e1r \u00e9s orvosi rendel\u0151 is, valamint a horg\u00e1szok kedvence a Homokpusztai csatornapart, ami a sz\u00e1ll\u00e1st\u00f3l 7 km-re, a Duna-part pedig 6 km-re tal\u00e1lhat\u00f3.<\/span><\/p>\n<\/div><figure class=\"wp-block-media-text__media\"><img loading=\"lazy\" decoding=\"async\" width=\"800\" height=\"600\" src=\"http:\/\/fenyves-lak.hu\/wp-content\/uploads\/2021\/03\/csati.jpg\" alt=\"\" class=\"wp-image-101 size-full\" srcset=\"https:\/\/fenyves-lak.hu\/wp-content\/uploads\/2021\/03\/csati.jpg 800w, https:\/\/fenyves-lak.hu\/wp-content\/uploads\/2021\/03\/csati-300x225.jpg 300w, https:\/\/fenyves-lak.hu\/wp-content\/uploads\/2021\/03\/csati-768x576.jpg 768w, https:\/\/fenyves-lak.hu\/wp-content\/uploads\/2021\/03\/csati-80x60.jpg 80w\" sizes=\"(max-width: 800px) 100vw, 800px\" \/><\/figure><\/div>\n\n\n\n<h2 class=\"wp-block-heading\">Kunszentmikl\u00f3s<\/h2>\n\n\n\n<div class=\"wp-block-media-text alignwide is-stacked-on-mobile\"><figure class=\"wp-block-media-text__media\"><img loading=\"lazy\" decoding=\"async\" width=\"900\" height=\"600\" src=\"http:\/\/fenyves-lak.hu\/wp-content\/uploads\/2021\/03\/termalfurdo_kunszentmiklos_furdo_1.jpg\" alt=\"\" class=\"wp-image-115 size-full\" srcset=\"https:\/\/fenyves-lak.hu\/wp-content\/uploads\/2021\/03\/termalfurdo_kunszentmiklos_furdo_1.jpg 900w, https:\/\/fenyves-lak.hu\/wp-content\/uploads\/2021\/03\/termalfurdo_kunszentmiklos_furdo_1-300x200.jpg 300w, https:\/\/fenyves-lak.hu\/wp-content\/uploads\/2021\/03\/termalfurdo_kunszentmiklos_furdo_1-768x512.jpg 768w, https:\/\/fenyves-lak.hu\/wp-content\/uploads\/2021\/03\/termalfurdo_kunszentmiklos_furdo_1-90x60.jpg 90w\" sizes=\"(max-width: 900px) 100vw, 900px\" \/><\/figure><div class=\"wp-block-media-text__content\">\n<p><span style=\"background-color:rgba(0, 0, 0, 0)\" class=\"has-inline-color has-black-color\">Kunszentmikl\u00f3s a sz\u00e1ll\u00e1st\u00f3l mind\u00f6ssze 12 km-re tal\u00e1lhat\u00f3. A sz\u00e1ll\u00e1s mellett tal\u00e1lhat\u00f3 buszmeg\u00e1ll\u00f3b\u00f3l rendszeres j\u00e1ratok indulnak. Nemr\u00e9giben \u00e9p\u00fclt gy\u00f3gyf\u00fcrd\u0151j\u00e9vel \u00e9s h\u00e1zias \u00e9ttermeivel, aj\u00e1nlott l\u00e1tnival\u00f3 a k\u00f6rny\u00e9ken.<\/span><\/p>\n<\/div><\/div>\n\n\n\n<h2 class=\"wp-block-heading\"><br><span class=\"has-inline-color has-black-color\">Duna\u00fajv\u00e1ros<\/span><\/h2>\n\n\n\n<div class=\"wp-block-media-text alignwide has-media-on-the-right is-stacked-on-mobile\"><div class=\"wp-block-media-text__content\">\n<p><span style=\"background-color:rgba(0, 0, 0, 0)\" class=\"has-inline-color has-black-color\">Duna\u00fajv\u00e1ros a k\u00f6rny\u00e9k legnagyobb v\u00e1rosa a nemr\u00e9giben \u00e9p\u00fclt Duna h\u00eddon kereszt\u00fcl \u00e9rhet\u0151 el aut\u00f3val mind\u00f6ssze 20 perc alatt. A sz\u00e1ll\u00e1s mellett tal\u00e1lhat\u00f3 buszmeg\u00e1ll\u00f3b\u00f3l k\u00f6zvetlen aut\u00f3busz j\u00e1ratok is indulnak, melyekkel szint\u00e9n k\u00f6nnyen el\u00e9rhet\u0151. Duna\u00fajv\u00e1rosban a bev\u00e1s\u00e1rl\u00f3k\u00f6zpontokt\u00f3l kezdve az uszod\u00e1n, m\u00fazeumokon \u00e9s \u00e9ttermeken \u00e1t a moziig minden megtal\u00e1lhat\u00f3.<\/span><\/p>\n<\/div><figure class=\"wp-block-media-text__media\"><img loading=\"lazy\" decoding=\"async\" width=\"600\" height=\"450\" src=\"http:\/\/fenyves-lak.hu\/wp-content\/uploads\/2021\/03\/dunauj.jpg\" alt=\"\" class=\"wp-image-102 size-full\" srcset=\"https:\/\/fenyves-lak.hu\/wp-content\/uploads\/2021\/03\/dunauj.jpg 600w, https:\/\/fenyves-lak.hu\/wp-content\/uploads\/2021\/03\/dunauj-300x225.jpg 300w, https:\/\/fenyves-lak.hu\/wp-content\/uploads\/2021\/03\/dunauj-80x60.jpg 80w\" sizes=\"(max-width: 600px) 100vw, 600px\" \/><\/figure><\/div>\n\n\n\n<h2 class=\"wp-block-heading\"><br><span class=\"has-inline-color has-black-color\">R\u00e1ckeve<\/span><\/h2>\n\n\n\n<div class=\"wp-block-media-text alignwide is-stacked-on-mobile\"><figure class=\"wp-block-media-text__media\"><img loading=\"lazy\" decoding=\"async\" width=\"900\" height=\"600\" src=\"http:\/\/fenyves-lak.hu\/wp-content\/uploads\/2021\/03\/rackeve.jpg\" alt=\"\" class=\"wp-image-103 size-full\" srcset=\"https:\/\/fenyves-lak.hu\/wp-content\/uploads\/2021\/03\/rackeve.jpg 900w, https:\/\/fenyves-lak.hu\/wp-content\/uploads\/2021\/03\/rackeve-300x200.jpg 300w, https:\/\/fenyves-lak.hu\/wp-content\/uploads\/2021\/03\/rackeve-768x512.jpg 768w, https:\/\/fenyves-lak.hu\/wp-content\/uploads\/2021\/03\/rackeve-90x60.jpg 90w\" sizes=\"(max-width: 900px) 100vw, 900px\" \/><\/figure><div class=\"wp-block-media-text__content\">\n<p><span style=\"background-color:rgba(0, 0, 0, 0)\" class=\"has-inline-color has-black-color\">R\u00e1ckeve a sz\u00e1ll\u00e1st\u00f3l mind\u00f6ssze 26 km-re tal\u00e1lhat\u00f3, rengeteg l\u00e1tnival\u00f3j\u00e1val \u00e9s gy\u00f6ny\u00f6r\u0171 dunapartj\u00e1val eg\u00e9sz napos programnak aj\u00e1nlott. Hatalmas aquapark \u00e9s wellness k\u00f6zpont is v\u00e1rja az ide l\u00e1togat\u00f3kat.<\/span><\/p>\n<\/div><\/div>\n\n\n\n<p><\/p>\n","protected":false},"excerpt":{"rendered":"<p>Szalkszentm\u00e1rton Szalkszentm\u00e1rton k\u00f6zs\u00e9g Budapestt\u0151l 65 km-re \u00e9s Duna\u00fajv\u00e1rost\u00f3l 22 km-re, B\u00e1cs-Kiskun megy\u00e9ben helyezkedik el a Dun\u00e1t\u00f3l nem messze az 51-es \u00fat mellett. Itt \u00e9lt \u00e9s alkotott egy ideig Pet\u0151fi S\u00e1ndor is, aminek eml\u00e9kei a sz\u00e1ll\u00e1ssal szemben l\u00e9v\u0151 Pet\u0151fi M\u00fazeumban megtekinthet\u0151ek. A faluban tal\u00e1lhat\u00f3 t\u00f6bb \u00e9lelmiszer\u00fczlet, &hellip; <\/p>\n","protected":false},"author":1,"featured_media":0,"parent":0,"menu_order":0,"comment_status":"closed","ping_status":"closed","template":"","meta":{"footnotes":""},"_links":{"self":[{"href":"https:\/\/fenyves-lak.hu\/index.php?rest_route=\/wp\/v2\/pages\/99"}],"collection":[{"href":"https:\/\/fenyves-lak.hu\/index.php?rest_route=\/wp\/v2\/pages"}],"about":[{"href":"https:\/\/fenyves-lak.hu\/index.php?rest_route=\/wp\/v2\/types\/page"}],"author":[{"embeddable":true,"href":"https:\/\/fenyves-lak.hu\/index.php?rest_route=\/wp\/v2\/users\/1"}],"replies":[{"embeddable":true,"href":"https:\/\/fenyves-lak.hu\/index.php?rest_route=%2Fwp%2Fv2%2Fcomments&post=99"}],"version-history":[{"count":18,"href":"https:\/\/fenyves-lak.hu\/index.php?rest_route=\/wp\/v2\/pages\/99\/revisions"}],"predecessor-version":[{"id":374,"href":"https:\/\/fenyves-lak.hu\/index.php?rest_route=\/wp\/v2\/pages\/99\/revisions\/374"}],"wp:attachment":[{"href":"https:\/\/fenyves-lak.hu\/index.php?rest_route=%2Fwp%2Fv2%2Fmedia&parent=99"}],"curies":[{"name":"wp","href":"https:\/\/api.w.org\/{rel}","templated":true}]}}